{"id":1337,"date":"2025-04-07T01:28:16","date_gmt":"2025-04-07T06:28:16","guid":{"rendered":"https:\/\/tcoalliance.com\/?page_id=1337"},"modified":"2025-04-18T02:55:43","modified_gmt":"2025-04-18T07:55:43","slug":"power-innovation-stromversorgungstechnik-gmbh","status":"publish","type":"page","link":"https:\/\/tcoalliance.com\/de\/members\/power-innovation-stromversorgungstechnik-gmbh\/","title":{"rendered":"Power Innovation Stromversorgungstechnik GmbH"},"content":{"rendered":"<p>[et_pb_section fb_built=&#8221;1&#8243; admin_label=&#8221;Header&#8221; _builder_version=&#8221;4.27.0&#8243; _module_preset=&#8221;93fc173a-8ddb-4895-b0ef-bfcf1d5f7dc6&#8243; background_color_gradient_direction=&#8221;294deg&#8221; background_color_gradient_stops=&#8221;rgba(35,127,255,0.6) 0%|rgba(255,255,255,0.86) 31%|rgba(255,255,255,0.9) 53%|rgba(255,255,255,0.85) 79%|rgba(35, 127, 255, 0.6) 100%&#8221; background_image=&#8221;https:\/\/tcoalliance.com\/wp-content\/uploads\/2024\/07\/electrada-image.jpg&#8221; vertical_offset=&#8221;-97px&#8221; z_index=&#8221;0&#8243; custom_margin=&#8221;0px||-97px||false|false&#8221; custom_margin_tablet=&#8221;||||false|false&#8221; custom_margin_phone=&#8221;0px||||false|false&#8221; custom_margin_last_edited=&#8221;on|phone&#8221; custom_padding=&#8221;150px||0px||false|false&#8221; locked=&#8221;off&#8221; collapsed=&#8221;off&#8221; global_colors_info=&#8221;{}&#8221;][et_pb_row custom_padding_last_edited=&#8221;on|phone&#8221; _builder_version=&#8221;4.27.0&#8243; _module_preset=&#8221;default&#8221; z_index=&#8221;0&#8243; custom_margin=&#8221;0px||0px||false|false&#8221; custom_margin_tablet=&#8221;0px||0px||false|false&#8221; custom_margin_phone=&#8221;0px||0px||false|false&#8221; custom_margin_last_edited=&#8221;on|tablet&#8221; custom_padding=&#8221;20px||0px||false|false&#8221; custom_padding_tablet=&#8221;40px||||false|false&#8221; custom_padding_phone=&#8221;40px||||false|false&#8221; global_colors_info=&#8221;{}&#8221;][et_pb_column type=&#8221;4_4&#8243; _builder_version=&#8221;4.25.1&#8243; _module_preset=&#8221;default&#8221; global_colors_info=&#8221;{}&#8221;][et_pb_text _builder_version=&#8221;4.27.0&#8243; _module_preset=&#8221;6efb6bbd-12a1-4834-b469-9798f4a40b40&#8243; text_font=&#8221;Roboto Condensed|700|||||||&#8221; custom_margin=&#8221;||1px|||&#8221; global_colors_info=&#8221;{}&#8221;]<\/p>\n<p>Member Profile<\/p>\n<p>[\/et_pb_text][et_pb_heading title=&#8221;Power Innovation Stromversorgungstechnik GmbH&#8221; _builder_version=&#8221;4.27.4&#8243; _module_preset=&#8221;5cc275b2-b54a-44e7-a32c-abf79622799f&#8221; title_font=&#8221;Roboto Condensed||||||||&#8221; title_text_align=&#8221;left&#8221; title_text_color=&#8221;gcid-heading-color&#8221; custom_margin=&#8221;||10px||false|false&#8221; global_colors_info=&#8221;{%22gcid-heading-color%22:%91%22title_text_color%22%93}&#8221;][\/et_pb_heading][\/et_pb_column][\/et_pb_row][et_pb_row column_structure=&#8221;1_3,2_3&#8243; make_equal=&#8221;on&#8221; _builder_version=&#8221;4.27.0&#8243; _module_preset=&#8221;default&#8221; custom_margin=&#8221;0px||||false|false&#8221; custom_padding=&#8221;0px||||false|false&#8221; global_colors_info=&#8221;{}&#8221;][et_pb_column type=&#8221;1_3&#8243; _builder_version=&#8221;4.27.0&#8243; _module_preset=&#8221;52115fba-d092-4238-883d-5957f46de4ce&#8221; z_index=&#8221;0&#8243; custom_padding=&#8221;14px|40px|14px|40px|true|true&#8221; global_colors_info=&#8221;{}&#8221;][et_pb_image src=&#8221;https:\/\/tcoalliance.com\/wp-content\/uploads\/2025\/04\/power-innovation_02.png&#8221; title_text=&#8221;power-innovation_02&#8243; _builder_version=&#8221;4.27.4&#8243; _module_preset=&#8221;default&#8221; custom_margin=&#8221;20px||10px||false|false&#8221; custom_padding=&#8221;0px||25px||false|false&#8221; border_radii=&#8221;on|12px|12px|12px|12px&#8221; global_colors_info=&#8221;{}&#8221;][\/et_pb_image][et_pb_text _builder_version=&#8221;4.27.0&#8243; _module_preset=&#8221;2c55a9c4-feed-423b-9edb-ae0b5b365cac&#8221; text_font=&#8221;&#8211;et_global_body_font|700||on|||||&#8221; text_text_color=&#8221;gcid-519f8825-bcd6-49ab-81b0-cb1212584339&#8243; text_font_size=&#8221;13px&#8221; custom_margin=&#8221;0px||0px||false|false&#8221; custom_padding=&#8221;0px||3px||false|false&#8221; border_width_bottom=&#8221;1px&#8221; global_colors_info=&#8221;{%22gcid-primary-color%22:%91%22link_text_color%22,%22link_text_color%22,%22link_text_color%22,%22link_text_color%22,%22link_text_color%22%93,%22gcid-heading-color%22:%91%22header_text_color%22,%22header_4_text_color%22,%22header_3_text_color%22,%22header_2_text_color%22,%22header_5_text_color%22,%22header_6_text_color%22,%22quote_text_color%22,%22header_text_color%22,%22header_4_text_color%22,%22header_3_text_color%22,%22header_2_text_color%22,%22header_5_text_color%22,%22header_6_text_color%22,%22quote_text_color%22,%22header_text_color%22,%22header_4_text_color%22,%22header_3_text_color%22,%22header_2_text_color%22,%22header_5_text_color%22,%22header_6_text_color%22,%22quote_text_color%22,%22header_text_color%22,%22header_4_text_color%22,%22header_3_text_color%22,%22header_2_text_color%22,%22header_5_text_color%22,%22header_6_text_color%22,%22quote_text_color%22,%22header_text_color%22,%22header_4_text_color%22,%22header_3_text_color%22,%22header_2_text_color%22,%22header_5_text_color%22,%22header_6_text_color%22,%22quote_text_color%22%93,%22gcid-secondary-color%22:%91%22quote_border_color%22,%22quote_border_color%22,%22quote_border_color%22,%22quote_border_color%22,%22quote_border_color%22%93,%22gcid-519f8825-bcd6-49ab-81b0-cb1212584339%22:%91%22text_text_color%22%93}&#8221;]<\/p>\n<p>Contact Information<\/p>\n<p>[\/et_pb_text][et_pb_text _builder_version=&#8221;4.27.4&#8243; _module_preset=&#8221;2c55a9c4-feed-423b-9edb-ae0b5b365cac&#8221; text_font=&#8221;&#8211;et_global_body_font|700|||||||&#8221; text_text_color=&#8221;gcid-ad3c0517-c1fb-4a4b-aab2-fd5e17546c41&#8243; custom_margin=&#8221;0px||0px||false|false&#8221; custom_padding=&#8221;5px||0px||false|false&#8221; locked=&#8221;off&#8221; global_colors_info=&#8221;{%22gcid-primary-color%22:%91%22link_text_color%22,%22link_text_color%22,%22link_text_color%22,%22link_text_color%22,%22link_text_color%22%93,%22gcid-heading-color%22:%91%22header_text_color%22,%22header_4_text_color%22,%22header_3_text_color%22,%22header_2_text_color%22,%22header_5_text_color%22,%22header_6_text_color%22,%22quote_text_color%22,%22header_text_color%22,%22header_4_text_color%22,%22header_3_text_color%22,%22header_2_text_color%22,%22header_5_text_color%22,%22header_6_text_color%22,%22quote_text_color%22,%22header_text_color%22,%22header_4_text_color%22,%22header_3_text_color%22,%22header_2_text_color%22,%22header_5_text_color%22,%22header_6_text_color%22,%22quote_text_color%22,%22header_text_color%22,%22header_4_text_color%22,%22header_3_text_color%22,%22header_2_text_color%22,%22header_5_text_color%22,%22header_6_text_color%22,%22quote_text_color%22,%22header_text_color%22,%22header_4_text_color%22,%22header_3_text_color%22,%22header_2_text_color%22,%22header_5_text_color%22,%22header_6_text_color%22,%22quote_text_color%22%93,%22gcid-secondary-color%22:%91%22quote_border_color%22,%22quote_border_color%22,%22quote_border_color%22,%22quote_border_color%22,%22quote_border_color%22%93,%22gcid-ad3c0517-c1fb-4a4b-aab2-fd5e17546c41%22:%91%22text_text_color%22%93}&#8221;]<\/p>\n<p>Bernhard B\u00f6den<\/p>\n<p>[\/et_pb_text][et_pb_text _builder_version=&#8221;4.27.4&#8243; _module_preset=&#8221;2c55a9c4-feed-423b-9edb-ae0b5b365cac&#8221; text_text_color=&#8221;gcid-c8693eb5-7f48-4911-9a98-169c1d461425&#8243; text_font_size=&#8221;14px&#8221; text_line_height=&#8221;1.1em&#8221; custom_margin=&#8221;0px||0px||false|false&#8221; custom_padding=&#8221;0px||0px||false|false&#8221; locked=&#8221;off&#8221; global_colors_info=&#8221;{%22gcid-primary-color%22:%91%22link_text_color%22,%22link_text_color%22%93,%22gcid-heading-color%22:%91%22header_text_color%22,%22header_4_text_color%22,%22header_3_text_color%22,%22header_2_text_color%22,%22header_5_text_color%22,%22header_6_text_color%22,%22quote_text_color%22,%22header_text_color%22,%22header_4_text_color%22,%22header_3_text_color%22,%22header_2_text_color%22,%22header_5_text_color%22,%22header_6_text_color%22,%22quote_text_color%22%93,%22gcid-secondary-color%22:%91%22quote_border_color%22,%22quote_border_color%22%93,%22gcid-c8693eb5-7f48-4911-9a98-169c1d461425%22:%91%22text_text_color%22%93}&#8221;]<\/p>\n<p>CEO<\/p>\n<p><strong>Power Innovation Stromversorgungstechnik GmbH<\/strong><\/p>\n<p>[\/et_pb_text][et_pb_text _builder_version=&#8221;4.27.4&#8243; _module_preset=&#8221;2c55a9c4-feed-423b-9edb-ae0b5b365cac&#8221; text_font=&#8221;Roboto Condensed||||||||&#8221; text_text_color=&#8221;gcid-ad3c0517-c1fb-4a4b-aab2-fd5e17546c41&#8243; link_text_color=&#8221;gcid-ad3c0517-c1fb-4a4b-aab2-fd5e17546c41&#8243; custom_margin=&#8221;||1px|||&#8221; locked=&#8221;off&#8221; global_colors_info=&#8221;{%22gcid-heading-color%22:%91%22header_text_color%22,%22header_4_text_color%22,%22header_3_text_color%22,%22header_2_text_color%22,%22header_5_text_color%22,%22header_6_text_color%22,%22quote_text_color%22,%22header_text_color%22,%22header_4_text_color%22,%22header_3_text_color%22,%22header_2_text_color%22,%22header_5_text_color%22,%22header_6_text_color%22,%22quote_text_color%22,%22header_text_color%22,%22header_4_text_color%22,%22header_3_text_color%22,%22header_2_text_color%22,%22header_5_text_color%22,%22header_6_text_color%22,%22quote_text_color%22,%22header_text_color%22,%22header_4_text_color%22,%22header_3_text_color%22,%22header_2_text_color%22,%22header_5_text_color%22,%22header_6_text_color%22,%22quote_text_color%22,%22header_text_color%22,%22header_4_text_color%22,%22header_3_text_color%22,%22header_2_text_color%22,%22header_5_text_color%22,%22header_6_text_color%22,%22quote_text_color%22,%22header_text_color%22,%22header_4_text_color%22,%22header_3_text_color%22,%22header_2_text_color%22,%22header_5_text_color%22,%22header_6_text_color%22,%22quote_text_color%22,%22header_text_color%22,%22header_4_text_color%22,%22header_3_text_color%22,%22header_2_text_color%22,%22header_5_text_color%22,%22header_6_text_color%22,%22quote_text_color%22%93,%22gcid-body-color%22:%91%22text_text_color%22%93,%22gcid-secondary-color%22:%91%22quote_border_color%22,%22quote_border_color%22,%22quote_border_color%22,%22quote_border_color%22,%22quote_border_color%22,%22quote_border_color%22,%22quote_border_color%22%93,%22gcid-ad3c0517-c1fb-4a4b-aab2-fd5e17546c41%22:%91%22text_text_color%22,%22link_text_color%22%93}&#8221;]<a href=\"https:\/\/www.powerinnovation.com\/\" target=\"_blank\" rel=\"noopener\">powerinnovation.com<\/a>[\/et_pb_text][et_pb_image src=&#8221;https:\/\/tcoalliance.com\/wp-content\/uploads\/2024\/08\/tco-alliance-member-logo-color1-612x792_03.png&#8221; title_text=&#8221;tco-alliance-member-logo-color1-612x792_03&#8243; align=&#8221;center&#8221; _builder_version=&#8221;4.27.0&#8243; _module_preset=&#8221;default&#8221; module_alignment=&#8221;left&#8221; min_height=&#8221;100px&#8221; height=&#8221;100px&#8221; custom_margin=&#8221;0px|0px|0px|0px|false|false&#8221; custom_padding=&#8221;12px|0px|0px|0px|false|false&#8221; border_radii=&#8221;on|12px|12px|12px|12px&#8221; locked=&#8221;off&#8221; global_colors_info=&#8221;{}&#8221;][\/et_pb_image][\/et_pb_column][et_pb_column type=&#8221;2_3&#8243; _builder_version=&#8221;4.27.0&#8243; _module_preset=&#8221;b2afa376-ca13-4be9-8294-3d2b586e8a03&#8243; background_color=&#8221;#FFFFFF&#8221; z_index=&#8221;0&#8243; custom_padding=&#8221;31px|40px|31px|40px|true|true&#8221; global_colors_info=&#8221;{}&#8221;][et_pb_team_member image_url=&#8221;https:\/\/tcoalliance.com\/wp-content\/uploads\/2025\/04\/Bernhard-Boden-2-Power-Innovation.jpg&#8221; _builder_version=&#8221;4.27.4&#8243; _module_preset=&#8221;default&#8221; body_font=&#8221;&#8211;et_global_body_font|500|||||||&#8221; body_text_color=&#8221;gcid-c8693eb5-7f48-4911-9a98-169c1d461425&#8243; body_line_height=&#8221;1.5em&#8221; custom_padding=&#8221;4px||||false|false&#8221; hover_enabled=&#8221;0&#8243; border_radii_image=&#8221;on||||&#8221; locked=&#8221;off&#8221; global_colors_info=&#8221;{%22gcid-d7cd5a78-aaef-4f36-82a3-4d3706015cba%22:%91%22link_text_color%22,%22quote_border_color%22%93,%22gcid-1f1b4e15-7cc6-4e13-8154-74d77a956460%22:%91%22quote_border_color%22%93,%22gcid-primary-color%22:%91%22quote_text_color%22,%22body_quote_text_color%22%93,%22gcid-c8693eb5-7f48-4911-9a98-169c1d461425%22:%91%22body_text_color%22%93}&#8221; title_text=&#8221;Bernhard-Boden-2-Power-Innovation&#8221; sticky_enabled=&#8221;0&#8243;]<\/p>\n<p><span>About Bernhard B\u00f6den<\/span><\/p>\n<p><span><\/span><\/p>\n<h6><strong>Bernhard B\u00f6den<\/strong><br \/>CEO<\/h6>\n<h6><strong>Power Innovation GmbH<\/strong><\/h6>\n<p>[\/et_pb_team_member][et_pb_team_member image_url=&#8221;https:\/\/tcoalliance.com\/wp-content\/uploads\/2025\/04\/Uwe-Krahforst-2-Power-Innovation.jpg&#8221; _builder_version=&#8221;4.27.4&#8243; _module_preset=&#8221;default&#8221; body_font=&#8221;&#8211;et_global_body_font|500|||||||&#8221; body_text_color=&#8221;gcid-c8693eb5-7f48-4911-9a98-169c1d461425&#8243; body_line_height=&#8221;1.5em&#8221; custom_padding=&#8221;4px||||false|false&#8221; hover_enabled=&#8221;0&#8243; border_radii_image=&#8221;on||||&#8221; locked=&#8221;off&#8221; global_colors_info=&#8221;{%22gcid-d7cd5a78-aaef-4f36-82a3-4d3706015cba%22:%91%22link_text_color%22,%22quote_border_color%22%93,%22gcid-1f1b4e15-7cc6-4e13-8154-74d77a956460%22:%91%22quote_border_color%22%93,%22gcid-primary-color%22:%91%22quote_text_color%22,%22body_quote_text_color%22%93,%22gcid-c8693eb5-7f48-4911-9a98-169c1d461425%22:%91%22body_text_color%22%93}&#8221; title_text=&#8221;Uwe-Krahforst-2-Power-Innovation&#8221; sticky_enabled=&#8221;0&#8243;]<\/p>\n<p><span>About Uwe Krahforst<\/span><\/p>\n<p><span><\/span><\/p>\n<h6><strong>Uwe Krahforst<\/strong><br \/>Key Account Manager<\/h6>\n<h6><strong>Power Innovation GmbH<\/strong><\/h6>\n<p>[\/et_pb_team_member][et_pb_text _builder_version=&#8221;4.27.4&#8243; _module_preset=&#8221;0504de1e-f5ff-4281-ba60-cbbe4edf98bc&#8221; text_font=&#8221;&#8211;et_global_body_font|600|||||||&#8221; text_text_color=&#8221;gcid-ad3c0517-c1fb-4a4b-aab2-fd5e17546c41&#8243; text_font_size=&#8221;20px&#8221; text_line_height=&#8221;1.3em&#8221; custom_margin=&#8221;0px||0px||false|false&#8221; custom_padding=&#8221;0px||9px||false|false&#8221; border_width_bottom=&#8221;1px&#8221; locked=&#8221;off&#8221; global_colors_info=&#8221;{%22gcid-ad3c0517-c1fb-4a4b-aab2-fd5e17546c41%22:%91%22text_text_color%22%93}&#8221;]Power Innovation &#8211; Company Profile[\/et_pb_text][et_pb_text _builder_version=&#8221;4.27.4&#8243; _module_preset=&#8221;0504de1e-f5ff-4281-ba60-cbbe4edf98bc&#8221; text_font=&#8221;&#8211;et_global_body_font|500|||||||&#8221; text_text_color=&#8221;gcid-c8693eb5-7f48-4911-9a98-169c1d461425&#8243; text_line_height=&#8221;1.5em&#8221; link_text_color=&#8221;gcid-ad3c0517-c1fb-4a4b-aab2-fd5e17546c41&#8243; custom_margin=&#8221;0px||0px||false|false&#8221; custom_padding=&#8221;11px||0px||false|false&#8221; locked=&#8221;off&#8221; global_colors_info=&#8221;{%22gcid-c8693eb5-7f48-4911-9a98-169c1d461425%22:%91%22text_text_color%22%93,%22gcid-ad3c0517-c1fb-4a4b-aab2-fd5e17546c41%22:%91%22link_text_color%22%93}&#8221;]<\/p>\n<p>As a manufacturer of high-performance power electronics based in 28832 Achim, Germany, we have stood for quality \u201cMade in Germany\u201d for over three decades. We have been developing and manufacturing fast-charging technology since 2010 &#8211; with a clear focus on the requirements of commercial vehicles since 2017. Our technology has been successfully used in regular bus charging operations since 2019.<\/p>\n<p>Our motivation stems from our desire to create sophisticated and economical charging solutions that are not only technically impressive, but also economically viable in the long term. From the perspective of total cost of ownership (TCO), this means maximum investment security, low operating costs and maximum availability for our customers.<\/p>\n<p>Particularly noteworthy is our innovative concept, which makes it possible to reliably charge large commercial vehicles via a battery storage system even with a limited grid connection &#8211; including multi-use case utilization for optimum capacity utilization and cost-effectiveness.<\/p>\n<p>As an owner-managed company, we stand for short decision-making processes, a high level of innovation and cooperation based on partnership. Our development and production take place exclusively in Germany &#8211; for the highest quality, reliability and a sustainable, future-proof charging infrastructure.<\/p>\n<p>[\/et_pb_text][\/et_pb_column][\/et_pb_row][\/et_pb_section]<\/p>\n","protected":false},"excerpt":{"rendered":"<p>Member ProfileContact InformationBernhard B\u00f6denCEO Power Innovation Stromversorgungstechnik GmbHpowerinnovation.comAbout Bernhard B\u00f6den Bernhard B\u00f6denCEO Power Innovation GmbHAbout Uwe Krahforst Uwe KrahforstKey Account Manager Power Innovation GmbHPower Innovation &#8211; Company ProfileAs a manufacturer of high-performance power electronics based in 28832 Achim, Germany, we have stood for quality \u201cMade in Germany\u201d for over three decades. We have been developing [&hellip;]<\/p>\n","protected":false},"author":1,"featured_media":0,"parent":430,"menu_order":0,"comment_status":"closed","ping_status":"closed","template":"","meta":{"_et_pb_use_builder":"on","_et_pb_old_content":"","_et_gb_content_width":"","footnotes":""},"class_list":["post-1337","page","type-page","status-publish","hentry"],"_links":{"self":[{"href":"https:\/\/tcoalliance.com\/de\/wp-json\/wp\/v2\/pages\/1337","targetHints":{"allow":["GET"]}}],"collection":[{"href":"https:\/\/tcoalliance.com\/de\/wp-json\/wp\/v2\/pages"}],"about":[{"href":"https:\/\/tcoalliance.com\/de\/wp-json\/wp\/v2\/types\/page"}],"author":[{"embeddable":true,"href":"https:\/\/tcoalliance.com\/de\/wp-json\/wp\/v2\/users\/1"}],"replies":[{"embeddable":true,"href":"https:\/\/tcoalliance.com\/de\/wp-json\/wp\/v2\/comments?post=1337"}],"version-history":[{"count":18,"href":"https:\/\/tcoalliance.com\/de\/wp-json\/wp\/v2\/pages\/1337\/revisions"}],"predecessor-version":[{"id":1508,"href":"https:\/\/tcoalliance.com\/de\/wp-json\/wp\/v2\/pages\/1337\/revisions\/1508"}],"up":[{"embeddable":true,"href":"https:\/\/tcoalliance.com\/de\/wp-json\/wp\/v2\/pages\/430"}],"wp:attachment":[{"href":"https:\/\/tcoalliance.com\/de\/wp-json\/wp\/v2\/media?parent=1337"}],"curies":[{"name":"wp","href":"https:\/\/api.w.org\/{rel}","templated":true}]}}